{"id":3026,"date":"2025-05-08T12:18:11","date_gmt":"2025-05-08T12:18:11","guid":{"rendered":"https:\/\/cisgames2025.com\/?page_id=3026"},"modified":"2025-05-22T08:25:31","modified_gmt":"2025-05-22T08:25:31","slug":"media-akkreditasiyasi","status":"publish","type":"page","link":"https:\/\/azerbaijan2025.com\/az\/media-akkreditasiyasi\/","title":{"rendered":"Media akkreditasiyas\u0131"},"content":{"rendered":"<div class=\"wpb-content-wrapper\"><p>[vc_row full_width=&#8221;stretch_row&#8221; css=&#8221;.vc_custom_1747220244951{background-image: url(https:\/\/azerbaijan2025.com\/wp-content\/uploads\/2025\/05\/bg-purple-gradient.jpg?id=3106) !important;background-position: center !important;background-repeat: no-repeat !important;background-size: cover !important;}&#8221; el_class=&#8221;textwhite&#8221;][vc_column]\r\n    <section class=\"mod-mect mod-spacer spacer bg-\">\r\n      <div class=\"spacer-4\"><\/div>\r\n    <\/section>\r\n    [vc_column_text css=&#8221;&#8221;]<\/p>\n<h1>Media Akkreditasiya Portal\u0131<\/h1>\n<p>[\/vc_column_text][vc_column_text css=&#8221;&#8221;]<\/p>\n<h5>H\u00f6rm\u0259tli Media n\u00fcmay\u0259nd\u0259si,<\/h5>\n<h5>III MDB Oyunlar\u0131 Az\u0259rbaycan 2025 Media Akkreditasiya Portal\u0131na xo\u015f g\u0259lmisiniz!<br \/>\nSizi bu m\u00f6t\u0259b\u0259r Oyunlar\u0131 i\u015f\u0131qland\u0131rmaq \u00fc\u00e7\u00fcn aram\u0131zda g\u00f6rm\u0259kd\u0259n m\u0259mnunuq.<\/h5>\n<p>[\/vc_column_text]\r\n    <section class=\"overflow-hidden mod-mect mod-button index-1 left\"><a href=\"https:\/\/gmscisgames.com\/pre-register\/MEDIA_REGISTER?lang=eng\" target=\"_blank\" rel=\"noopener\" class=\"main-btn roll left color-white-secondary regular \">\r\n          <span>\u0130ndi qeydiyyatdan ke\u00e7in<\/span>\r\n        <\/a><\/section> \r\n  \r\n    <section class=\"mod-mect mod-spacer spacer bg-\">\r\n      <div class=\"spacer-4\"><\/div>\r\n    <\/section>\r\n    [vc_separator color=&#8221;custom&#8221; css=&#8221;&#8221; accent_color=&#8221;#848282&#8243;][vc_row_inner css=&#8221;.vc_custom_1747220165335{border-top-width: -10px !important;}&#8221;][vc_column_inner width=&#8221;1\/3&#8243;][vc_column_text css=&#8221;&#8221;]<strong>1. Akkreditasiya b\u0259l\u0259d\u00e7isi<\/strong><\/p>\n<h6>Media Akkreditasiya prosesini tamamlamaq \u00fc\u00e7\u00fcn a\u015fa\u011f\u0131dak\u0131 m\u0259rh\u0259l\u0259l\u0259rd\u0259n ke\u00e7in:<\/h6>\n<h6><strong>Add<\/strong><strong>\u0131<\/strong><strong>m<\/strong><strong> 1:<\/strong> Media Qeydiyyat b\u00f6lm\u0259sin\u0259 daxil olun;<br \/>\n<strong>Add<\/strong><strong>\u0131<\/strong><strong>m<\/strong><strong> 2:<\/strong> Akkreditasiya qeydiyyat prosesini tamamlay\u0131n;<br \/>\n<strong>Add<\/strong><strong>\u0131<\/strong><strong>m<\/strong><strong> 3:<\/strong> Akkreditasiya qeydiyyat\u0131 (ACR) ba\u015fa \u00e7atd\u0131qdan sonra m\u0259lumatlar n\u0259z\u0259rd\u0259n ke\u00e7iril\u0259c\u0259k. Qeydiyyat\u0131n\u0131z t\u0259sdiq olundu\u011fu t\u0259qdird\u0259 media zonalar\u0131na, t\u0259dbirl\u0259r\u0259 v\u0259 m\u0259tbuat konfranslar\u0131na giri\u015f imkan\u0131 ver\u0259n akkreditasiya kart\u0131 il\u0259 t\u0259min olunacaqs\u0131n\u0131z;<\/h6>\n<h6><strong>M<\/strong><strong>\u00fc<\/strong><strong>st<\/strong><strong>\u0259<\/strong><strong>qil<\/strong> <strong>fotoqraflar<\/strong> <strong>v<\/strong><strong>\u0259 <\/strong><strong>videoqraflar<\/strong><strong>\u00a0<\/strong><\/h6>\n<h6>M\u00fcst\u0259qil fotoqraf v\u0259 videoqraflardan daxil olan m\u00fcraci\u0259tl\u0259r, yuxar\u0131da qeyd olunan t\u0259l\u0259bl\u0259r\u0259 v\u0259 qeydiyyat prosesin\u0259 uy\u011fun olmal\u0131d\u0131r.<\/h6>\n<p>[\/vc_column_text][\/vc_column_inner][vc_column_inner width=&#8221;1\/3&#8243;][vc_column_text css=&#8221;&#8221;]<strong>2. \u018fh\u0259miyy\u0259tli m\u0259lumat<\/strong><\/p>\n<h6>Akkreditasiya il\u0259 ba\u011fl\u0131 b\u00fct\u00fcn yenilikl\u0259r siz\u0259 yaln\u0131z elektron po\u00e7t vasit\u0259sil\u0259 g\u00f6nd\u0259ril\u0259c\u0259k. Buna g\u00f6r\u0259 d\u0259, qeydiyyat zaman\u0131 t\u0259qdim etdiyiniz elektron po\u00e7t \u00fcnvan\u0131n\u0131n do\u011fru oldu\u011funa \u0259min olma\u011f\u0131n\u0131z\u0131 v\u0259 m\u00fct\u0259madi olaraq yoxlama\u011f\u0131n\u0131z\u0131 xahi\u015f edirik.<\/h6>\n<h6><strong>D\u0259st\u0259k:<\/strong> Media qeydiyyat prosesi il\u0259 ba\u011fl\u0131 h\u0259r hans\u0131 bir sual\u0131n\u0131z v\u0259 ya yard\u0131ma ehtiyac\u0131n\u0131z yaranarsa,\u00a0 <a href=\"mailto:media.accreditation@cisgames2025.az\">media.accreditation@cisgames2025.az<\/a>\u00a0 \u00fcnvan\u0131na m\u00fcraci\u0259t ed\u0259 bil\u0259rsiniz.<\/h6>\n<h6><strong>Qeyd:<br \/>\n<\/strong>T\u0259sdiq edilmi\u015f m\u0259lumatlar yekun hesab olunur v\u0259 namiz\u0259d t\u0259r\u0259find\u0259n m\u0259lumatlar\u0131n d\u0259yi\u015fdirilm\u0259si m\u00fcmk\u00fcn deyil.<\/h6>\n<h6>Natamam v\u0259 ya gecikmi\u015f m\u00fcraci\u0259tl\u0259r q\u0259bul olunmayacaq<strong>. <\/strong><\/h6>\n<p>[\/vc_column_text][\/vc_column_inner][vc_column_inner width=&#8221;1\/3&#8243;][vc_column_text css=&#8221;&#8221;]<strong>3. S\u0259lahiyy\u0259t<\/strong><\/p>\n<h6>\u015e\u0259xsi m\u0259lumatlar\u0131m\u0131n T\u0259\u015fkilat Komit\u0259sin\u0259 v\u0259 III MDB Oyunlar\u0131 il\u0259 \u0259laq\u0259li \u00fc\u00e7\u00fcnc\u00fc t\u0259r\u0259fl\u0259r\u0259 a\u00e7\u0131qlanmas\u0131na raz\u0131l\u0131q verir\u0259m. T\u0259\u015fkilat Komit\u0259si v\u0259 \u00fc\u00e7\u00fcnc\u00fc t\u0259r\u0259f \u015f\u0259xsi m\u0259lumatlar\u0131m\u0131 m\u00fcvafiq m\u0259xfilik siyas\u0259tl\u0259rin\u0259 uy\u011fun olaraq yoxlaya bil\u0259r.<\/h6>\n<p>&nbsp;<\/p>\n<h6><\/h6>\n<p>[\/vc_column_text][\/vc_column_inner][\/vc_row_inner][\/vc_column][\/vc_row]<\/p>\n<\/div>","protected":false},"excerpt":{"rendered":"<p>[vc_row full_width=&#8221;stretch_row&#8221; css=&#8221;.vc_custom_1747220244951{background-image: url(https:\/\/azerbaijan2025.com\/wp-content\/uploads\/2025\/05\/bg-purple-gradient.jpg?id=3106) !important;background-position: center !important;background-repeat: no-repeat !important;background-size: cover !important;}&#8221; el_class=&#8221;textwhite&#8221;][vc_column][vc_column_text css=&#8221;&#8221;] Media Akkreditasiya Portal\u0131 [\/vc_column_text][vc_column_text css=&#8221;&#8221;] H\u00f6rm\u0259tli Media [&hellip;]<\/p>\n","protected":false},"author":2,"featured_media":1070,"parent":0,"menu_order":0,"comment_status":"closed","ping_status":"closed","template":"page-templates\/default.php","meta":{"_acf_changed":false,"inline_featured_image":false,"footnotes":""},"class_list":["post-3026","page","type-page","status-publish","has-post-thumbnail","hentry"],"acf":[],"_links":{"self":[{"href":"https:\/\/azerbaijan2025.com\/az\/wp-json\/wp\/v2\/pages\/3026","targetHints":{"allow":["GET"]}}],"collection":[{"href":"https:\/\/azerbaijan2025.com\/az\/wp-json\/wp\/v2\/pages"}],"about":[{"href":"https:\/\/azerbaijan2025.com\/az\/wp-json\/wp\/v2\/types\/page"}],"author":[{"embeddable":true,"href":"https:\/\/azerbaijan2025.com\/az\/wp-json\/wp\/v2\/users\/2"}],"replies":[{"embeddable":true,"href":"https:\/\/azerbaijan2025.com\/az\/wp-json\/wp\/v2\/comments?post=3026"}],"version-history":[{"count":18,"href":"https:\/\/azerbaijan2025.com\/az\/wp-json\/wp\/v2\/pages\/3026\/revisions"}],"predecessor-version":[{"id":3381,"href":"https:\/\/azerbaijan2025.com\/az\/wp-json\/wp\/v2\/pages\/3026\/revisions\/3381"}],"wp:featuredmedia":[{"embeddable":true,"href":"https:\/\/azerbaijan2025.com\/az\/wp-json\/wp\/v2\/media\/1070"}],"wp:attachment":[{"href":"https:\/\/azerbaijan2025.com\/az\/wp-json\/wp\/v2\/media?parent=3026"}],"curies":[{"name":"wp","href":"https:\/\/api.w.org\/{rel}","templated":true}]}}