{"id":2459,"date":"2025-04-15T09:18:11","date_gmt":"2025-04-15T09:18:11","guid":{"rendered":"https:\/\/cisgames2025.com\/t%c9%99qvim\/"},"modified":"2025-09-13T09:34:52","modified_gmt":"2025-09-13T09:34:52","slug":"yarislarin-t%c9%99qvimi","status":"publish","type":"page","link":"https:\/\/azerbaijan2025.com\/az\/yarislarin-t%c9%99qvimi\/","title":{"rendered":"Yar\u0131\u015flar\u0131n c\u0259dv\u0259li"},"content":{"rendered":"<div class=\"wpb-content-wrapper\"><p>[vc_row][vc_column]\r\n    <section class=\"mod-mect mod-spacer spacer bg-\">\r\n      <div class=\"spacer-3\"><\/div>\r\n    <\/section>\r\n    [vc_single_image image=&#8221;5050&#8243; img_size=&#8221;full&#8221; alignment=&#8221;center&#8221; style=&#8221;vc_box_rounded&#8221; css=&#8221;&#8221;][vc_column_text css=&#8221;&#8221;][\/vc_column_text][\/vc_column][\/vc_row][vc_row][vc_column]\r\n    <section class=\"mod-mect mod-button center\"><a href=\"\/wp-content\/uploads\/2025\/05\/CIS2025_CALENDAR-2-AZE.pdf\" target=\"_blank\" rel=\"\"class=\"icon-btn roll center color-secondary-white regular \">\r\n      <svg><use xlink:href=\"#icon--pdf\"><\/use><\/svg><span>\r\n     Y\u00fckl\u0259<\/span><\/a><\/section> \r\n  \r\n    <section class=\"mod-mect mod-spacer spacer bg-\">\r\n      <div class=\"spacer-8\"><\/div>\r\n    <\/section>\r\n    [\/vc_column][\/vc_row]<\/p>\n<\/div>","protected":false},"excerpt":{"rendered":"<p>[vc_row][vc_column][vc_single_image image=&#8221;5050&#8243; img_size=&#8221;full&#8221; alignment=&#8221;center&#8221; style=&#8221;vc_box_rounded&#8221; css=&#8221;&#8221;][vc_column_text css=&#8221;&#8221;][\/vc_column_text][\/vc_column][\/vc_row][vc_row][vc_column][\/vc_column][\/vc_row]<\/p>\n","protected":false},"author":2,"featured_media":0,"parent":0,"menu_order":0,"comment_status":"closed","ping_status":"closed","template":"","meta":{"_acf_changed":false,"inline_featured_image":false,"footnotes":""},"class_list":["post-2459","page","type-page","status-publish","hentry"],"acf":[],"_links":{"self":[{"href":"https:\/\/azerbaijan2025.com\/az\/wp-json\/wp\/v2\/pages\/2459","targetHints":{"allow":["GET"]}}],"collection":[{"href":"https:\/\/azerbaijan2025.com\/az\/wp-json\/wp\/v2\/pages"}],"about":[{"href":"https:\/\/azerbaijan2025.com\/az\/wp-json\/wp\/v2\/types\/page"}],"author":[{"embeddable":true,"href":"https:\/\/azerbaijan2025.com\/az\/wp-json\/wp\/v2\/users\/2"}],"replies":[{"embeddable":true,"href":"https:\/\/azerbaijan2025.com\/az\/wp-json\/wp\/v2\/comments?post=2459"}],"version-history":[{"count":26,"href":"https:\/\/azerbaijan2025.com\/az\/wp-json\/wp\/v2\/pages\/2459\/revisions"}],"predecessor-version":[{"id":5053,"href":"https:\/\/azerbaijan2025.com\/az\/wp-json\/wp\/v2\/pages\/2459\/revisions\/5053"}],"wp:attachment":[{"href":"https:\/\/azerbaijan2025.com\/az\/wp-json\/wp\/v2\/media?parent=2459"}],"curies":[{"name":"wp","href":"https:\/\/api.w.org\/{rel}","templated":true}]}}