{"id":2234,"date":"2025-04-08T15:27:34","date_gmt":"2025-04-08T15:27:34","guid":{"rendered":"https:\/\/cisgames2025.com\/azerbaijan\/"},"modified":"2025-05-15T19:41:13","modified_gmt":"2025-05-15T19:41:13","slug":"azerbaijan","status":"publish","type":"page","link":"https:\/\/azerbaijan2025.com\/az\/azerbaijan\/","title":{"rendered":"Az\u0259rbaycan"},"content":{"rendered":"<div class=\"wpb-content-wrapper\"><p>[vc_row][vc_column][vc_column_text css=&#8221;&#8221;]<\/p>\n<h2 class=\"font-primary color-secondary text-center\" style=\"font-size: 2.5em; text-align: center;\"><strong>AZ\u018fRBAYCANA<\/strong><\/h2>\n<p>[\/vc_column_text][vc_column_text css=&#8221;.vc_custom_1747145424258{margin-top: -30px !important;}&#8221;]<\/p>\n<p class=\"font-primary color-secondary title-4 text-center\" style=\"font-size: 1em; ; text-align: center;\">xo\u015f g\u0259lmisiniz <strong>!<\/strong><\/p>\n<p>[\/vc_column_text]\r\n    <section class=\"mod-mect mod-spacer spacer bg-\">\r\n      <div class=\"spacer-5\"><\/div>\r\n    <\/section>\r\n    [\/vc_column][\/vc_row][vc_row][vc_column][vc_single_image image=&#8221;2299&#8243; img_size=&#8221;full&#8221; alignment=&#8221;center&#8221; style=&#8221;vc_box_rounded&#8221; css=&#8221;&#8221;][\/vc_column][\/vc_row][vc_row][vc_column][vc_column_text css=&#8221;&#8221;]<\/p>\n<h2><strong>MULT\u0130KULTURAL\u0130ZM\u0130N D\u0130YARI<\/strong><\/h2>\n<p>[\/vc_column_text][vc_column_text css=&#8221;&#8221;]\u201cOdlar Yurdu\u201d Az\u0259rbaycan q\u0259dim tarix\u0259 v\u0259 z\u0259ngin m\u0259d\u0259ni irs\u0259 malikdir.<\/p>\n<p>\u015e\u0259rql\u0259 Q\u0259rbin k\u0259si\u015fm\u0259sind\u0259 yerl\u0259\u015f\u0259n bu q\u0259dim diyar multikulturalizm \u0259n\u0259n\u0259l\u0259ri il\u0259 daim se\u00e7ilir. Milli-m\u0259d\u0259ni m\u00fcxt\u0259liflik v\u0259 etnik-dini d\u00f6z\u00fcml\u00fcl\u00fck m\u00fchitind\u0259 ya\u015fayan Az\u0259rbaycan d\u00fcnya miqyas\u0131nda m\u0259d\u0259niyy\u0259tl\u0259raras\u0131 dialoqun b\u0259nz\u0259rsiz m\u0259kan\u0131 kimi tan\u0131n\u0131r.<\/p>\n<p>Az\u0259rbaycan\u0131n tarixi co\u011frafi m\u00f6vqey\u0259 v\u0259 f\u0259rqli relyef\u0259 malikdir. Onun \u0259razisi da\u011f zirv\u0259l\u0259rind\u0259n X\u0259z\u0259r d\u0259nizi sahil d\u00fcz\u0259nlikl\u0259rin\u0259 q\u0259d\u0259r uzan\u0131r. Bu x\u00fcsusiyy\u0259t \u00f6lk\u0259ni unikal iqlim \u015f\u0259raitin\u0259 malik bir regiona \u00e7evirir. Bel\u0259 ki, planetin 11 iqlim tipind\u0259n 9-u m\u0259hz Az\u0259rbaycanda m\u00fc\u015fahid\u0259 olunur.<\/p>\n<p>Min ill\u0259r boyu sivilizasiyalar\u0131n inki\u015faf\u0131nda m\u00fch\u00fcm rol oynam\u0131\u015f Az\u0259rbaycan, tarixi \u0130p\u0259k Yolunun bir hiss\u0259si olaraq, \u00f6z m\u0259d\u0259ni m\u00fcxt\u0259lifliyi, z\u0259ngin ad\u0259t-\u0259n\u0259n\u0259l\u0259ri v\u0259 qonaqp\u0259rv\u0259rliyi il\u0259 se\u00e7ilir.[\/vc_column_text][\/vc_column][\/vc_row][vc_row][vc_column][vc_separator css=&#8221;&#8221;]\r\n    <section class=\"mod-mect mod-spacer spacer bg-\">\r\n      <div class=\"spacer-4\"><\/div>\r\n    <\/section>\r\n    [\/vc_column][\/vc_row][vc_row][vc_column width=&#8221;1\/2&#8243;][vc_column_text css=&#8221;&#8221;]<\/p>\n<h2><strong>M\u018fD\u018fN\u0130YY\u018fTL\u018fR V\u018f D\u0130NL\u018fRARASI HARMON\u0130YA<\/strong><\/h2>\n<p>[\/vc_column_text][vc_column_text css=&#8221;&#8221;]Az\u0259rbaycan d\u00fcny\u0259vi d\u00f6vl\u0259t olaraq m\u00fcxt\u0259lif dinl\u0259rin v\u0259 m\u0259d\u0259niyy\u0259tl\u0259rin birg\u0259 ya\u015famas\u0131 bax\u0131m\u0131ndan n\u00fcmun\u0259vi bir \u00f6lk\u0259dir. D\u00f6vl\u0259tin h\u0259yata ke\u00e7irdiyi tolerantl\u0131q siyas\u0259ti, xalq\u0131n h\u0259r bir \u00fczv\u00fcn\u00fcn d\u00fc\u015f\u00fcnc\u0259 t\u0259rzin\u0259 v\u0259 dini inanclar\u0131na h\u00f6rm\u0259tl\u0259 yana\u015fman\u0131 t\u0259\u015fviq edir. Bu yana\u015fma c\u0259miyy\u0259tin b\u00fct\u00fcn sah\u0259l\u0259rind\u0259 \u2013 g\u00fcnd\u0259lik h\u0259yatdan t\u0259hsil\u0259, h\u0259tta, beyn\u0259lxalq diplomatiyaya kimi ayd\u0131n \u015f\u0259kild\u0259 \u00f6z\u00fcn\u00fc biruz\u0259 verir.<\/p>\n<p>Bir s\u00f6zl\u0259, Az\u0259rbaycan m\u00fcxt\u0259lif etnik qruplar\u0131n, o c\u00fcml\u0259d\u0259n, \u0259llid\u0259n \u00e7ox xalq\u0131n s\u00fclh v\u0259 qar\u015f\u0131l\u0131ql\u0131 anla\u015fma \u015f\u0259raitind\u0259 ya\u015famas\u0131 \u00fc\u00e7\u00fcn \u0259lveri\u015fli \u015f\u0259rait yarad\u0131r. H\u0259r bir xalq \u00f6z m\u0259d\u0259niyy\u0259tini qoruyub saxlamaqla yana\u015f\u0131, dig\u0259r icmalarla dostluq v\u0259 qar\u015f\u0131l\u0131ql\u0131 h\u00f6rm\u0259t \u0259sas\u0131nda birg\u0259 ya\u015fay\u0131r. Bu da \u00f6z n\u00f6vb\u0259sind\u0259 \u00f6lk\u0259nin m\u0259d\u0259ni z\u0259nginliyini art\u0131r\u0131r v\u0259 d\u00f6vl\u0259tin davaml\u0131 inki\u015faf\u0131na m\u00fcsb\u0259t t\u0259sir g\u00f6st\u0259rir.[\/vc_column_text][\/vc_column][vc_column width=&#8221;1\/2&#8243;][vc_single_image image=&#8221;2761&#8243; img_size=&#8221;full&#8221; alignment=&#8221;center&#8221; style=&#8221;vc_box_rounded&#8221; css=&#8221;&#8221;][\/vc_column][\/vc_row][vc_row][vc_column][vc_separator css=&#8221;&#8221;]\r\n    <section class=\"mod-mect mod-spacer spacer bg-\">\r\n      <div class=\"spacer-4\"><\/div>\r\n    <\/section>\r\n    [\/vc_column][\/vc_row][vc_row][vc_column width=&#8221;1\/2&#8243;][vc_column_text css=&#8221;&#8221;]<\/p>\n<h2><strong>M\u018fD\u018fN\u0130YY\u018fT X\u018fZ\u0130N\u018fL\u018fR\u0130<\/strong><\/h2>\n<p>[\/vc_column_text][vc_column_text css=&#8221;&#8221;]Sivilizasiyalar\u0131n k\u0259si\u015fm\u0259sind\u0259 yerl\u0259\u015f\u0259n Az\u0259rbaycan q\u0259dim ad\u0259t-\u0259n\u0259n\u0259l\u0259rin, z\u0259ngin m\u0259d\u0259ni irsin &#8211; musiqi s\u0259n\u0259tinin v\u0259 s\u0259n\u0259tkarl\u0131\u011f\u0131n, m\u00f6ht\u0259\u015f\u0259m memarl\u0131\u011f\u0131n harmoniyas\u0131n\u0131 t\u0259c\u0259ss\u00fcm etdirir. Bu z\u0259ngin irs UNESCO t\u0259r\u0259find\u0259n tan\u0131nm\u0131\u015f v\u0259 onun d\u0259y\u0259rli n\u00fcmun\u0259l\u0259ri \u201cQeyri-Maddi M\u0259d\u0259ni \u0130rs Siyah\u0131s\u0131\u201dna daxil edilmi\u015fdir.<\/p>\n<p>Bu s\u0131raya t\u0259krars\u0131z Az\u0259rbaycan mu\u011fam\u0131, z\u0259rif Az\u0259rbaycan xal\u00e7alar\u0131, r\u0259ngar\u0259ng Novruz bayram\u0131, ip\u0259k k\u0259la\u011fay\u0131lar\u0131, \u00e7\u00f6vk\u0259n Qaraba\u011f at oyunu, milli m\u0259tb\u0259xd\u0259n n\u00fcmun\u0259 -dolma , a\u015f\u0131q s\u0259n\u0259ti v\u0259 \u201cKoro\u011flu\u201d dastan\u0131 v\u0259 sair daxildir. D\u00fcnya \u0130rs Siyah\u0131s\u0131nda parlayan incil\u0259r aras\u0131nda, h\u0259m\u00e7inin, Bak\u0131n\u0131n q\u0259dim \u0130\u00e7\u0259ri\u015f\u0259h\u0259ri, \u015eirvan\u015fahlar Saray\u0131 v\u0259 Q\u0131z Qalas\u0131, \u015e\u0259ki \u015f\u0259h\u0259rinin tarixi m\u0259rk\u0259zi v\u0259 Xan Saray\u0131, el\u0259c\u0259 d\u0259 Qobustan qaya\u00fcst\u00fc t\u0259svirl\u0259ri yer al\u0131r.[\/vc_column_text][\/vc_column][vc_column width=&#8221;1\/2&#8243;][vc_single_image image=&#8221;2372&#8243; img_size=&#8221;full&#8221; alignment=&#8221;center&#8221; style=&#8221;vc_box_rounded&#8221; css=&#8221;&#8221;][\/vc_column][\/vc_row][vc_row][vc_column][vc_separator css=&#8221;&#8221;]\r\n    <section class=\"mod-mect mod-spacer spacer bg-\">\r\n      <div class=\"spacer-4\"><\/div>\r\n    <\/section>\r\n    [\/vc_column][\/vc_row][vc_row][vc_column width=&#8221;1\/2&#8243;][vc_column_text css=&#8221;&#8221;]<\/p>\n<h2><strong>AZ\u018fRBAYCANIN D\u00dcNYA \u0130DMANINA T\u00d6HF\u018fS\u0130<\/strong><\/h2>\n<p>[\/vc_column_text][vc_column_text css=&#8221;&#8221;]Az\u0259rbaycan yaln\u0131z m\u0259d\u0259niyy\u0259ti v\u0259 tarixi il\u0259 deyil, h\u0259m d\u0259 d\u00fcnya idman\u0131na verdiyi t\u00f6hf\u0259l\u0259r il\u0259 tan\u0131n\u0131r.<\/p>\n<p>Son 30 ild\u0259 idmana x\u00fcsusi diqq\u0259t ay\u0131ran \u00f6lk\u0259miz, Az\u0259rbaycan Respublikas\u0131n\u0131n Prezidenti c\u0259nab \u0130lham \u018fliyevin \u0259zmkarl\u0131qla g\u00f6st\u0259rdiyi d\u0259st\u0259k say\u0259sind\u0259 bu sah\u0259d\u0259 bir \u00e7ox u\u011furlar \u0259ld\u0259 edib.[\/vc_column_text][\/vc_column][vc_column width=&#8221;1\/2&#8243;][vc_single_image image=&#8221;2677&#8243; img_size=&#8221;full&#8221; alignment=&#8221;center&#8221; style=&#8221;vc_box_rounded&#8221; css=&#8221;&#8221;][\/vc_column][\/vc_row][vc_row][vc_column][vc_separator css=&#8221;&#8221;]\r\n    <section class=\"mod-mect mod-spacer spacer bg-\">\r\n      <div class=\"spacer-2\"><\/div>\r\n    <\/section>\r\n    [\/vc_column][\/vc_row][vc_row][vc_column width=&#8221;1\/2&#8243;][vc_column_text css=&#8221;&#8221;]<\/p>\n<h2><strong>BEYN\u018fLXALQ \u0130DMAN T\u018fDB\u0130RL\u018fR\u0130N\u0130N M\u018fRK\u018fZ\u0130<\/strong><\/h2>\n<p>[\/vc_column_text][vc_column_text css=&#8221;&#8221;]\u00d6lk\u0259miz bu ill\u0259r \u0259rzind\u0259 n\u00fcfuzlu beyn\u0259lxalq yar\u0131\u015flar\u0131n ke\u00e7irilm\u0259sind\u0259 z\u0259ngin t\u0259cr\u00fcb\u0259y\u0259 sahib olmu\u015fdur. 2015-ci ild\u0259 ke\u00e7irilmi\u015f I Avropa Oyunlar\u0131, 2017-ci ild\u0259 IV \u0130slam H\u0259mr\u0259yliyi Oyunlar\u0131, 2019-cu ild\u0259 Avropan\u0131n G\u0259nc Olimpiya Festival\u0131, 2019-cu ild\u0259 UEFA Avropa Liqas\u0131n\u0131n h\u0259y\u0259canl\u0131 final\u0131, \u015eahmat \u00fczr\u0259 D\u00fcnya Kuboku, h\u0259r il t\u0259\u015fkil olunan m\u00f6ht\u0259\u015f\u0259m Formula 1 Az\u0259rbaycan Qran Prisi v\u0259 m\u00fcxt\u0259lif idman n\u00f6vl\u0259ri \u00fczr\u0259 D\u00fcnya v\u0259 Avropa \u00e7empionatlar\u0131 \u00f6lk\u0259mizd\u0259 u\u011furla ba\u015f tutmu\u015f, \u00f6lk\u0259nin d\u00fcnya idman arenas\u0131ndak\u0131 m\u00f6vqeyini m\u00f6hk\u0259ml\u0259tmi\u015fdir.[\/vc_column_text][\/vc_column][vc_column width=&#8221;1\/2&#8243;][vc_single_image image=&#8221;2316&#8243; img_size=&#8221;full&#8221; alignment=&#8221;center&#8221; style=&#8221;vc_box_rounded&#8221; css=&#8221;&#8221;][\/vc_column][\/vc_row][vc_row][vc_column][vc_separator css=&#8221;&#8221;]\r\n    <section class=\"mod-mect mod-spacer spacer bg-\">\r\n      <div class=\"spacer-4\"><\/div>\r\n    <\/section>\r\n    [\/vc_column][\/vc_row][vc_row][vc_column width=&#8221;1\/2&#8243;][vc_column_text css=&#8221;&#8221;]<\/p>\n<h2><strong>AZ\u018fRBAYCAN III MDB OYUNLARINA EV SAH\u0130BL\u0130Y\u0130 ED\u0130R<\/strong><\/h2>\n<p>[\/vc_column_text][vc_column_text css=&#8221;&#8221;]III MDB Oyunlar\u0131n\u0131n Az\u0259rbaycanda ke\u00e7irilm\u0259si bu \u015fanl\u0131 \u0259n\u0259n\u0259nin davam\u0131 v\u0259 m\u0259ntiqi n\u0259tic\u0259sidir.<\/p>\n<p>T\u0259dbirin paytaxtdan k\u0259nar regionlarda &#8211; Xank\u0259ndi, G\u0259nc\u0259, Q\u0259b\u0259l\u0259, \u015e\u0259ki, Ming\u0259\u00e7evir, G\u00f6yG\u00f6l v\u0259 Yevlax \u015f\u0259h\u0259rl\u0259rind\u0259 ke\u00e7irilm\u0259si Az\u0259rbaycan\u0131n h\u0259rt\u0259r\u0259fli inki\u015faf\u0131n\u0131, idmana g\u00f6st\u0259ril\u0259n x\u00fcsusi diqq\u0259ti v\u0259 bu sah\u0259d\u0259ki geni\u015f imkanlar\u0131n\u0131 n\u00fcmayi\u015f etdirir.<\/p>\n<p>Bel\u0259likl\u0259, III MDB Oyunlar\u0131 23 idman n\u00f6v\u00fc \u00fczr\u0259 yar\u0131\u015flar\u0131 \u0259hat\u0259 ed\u0259c\u0259k v\u0259 bu yar\u0131\u015flar 12 m\u00fcasir idman m\u0259kan\u0131nda ke\u00e7iril\u0259c\u0259k.[\/vc_column_text][\/vc_column][vc_column width=&#8221;1\/2&#8243;][vc_single_image image=&#8221;2324&#8243; img_size=&#8221;full&#8221; alignment=&#8221;center&#8221; style=&#8221;vc_box_rounded&#8221; css=&#8221;&#8221;][\/vc_column][\/vc_row][vc_row][vc_column][vc_separator css=&#8221;&#8221;][\/vc_column][\/vc_row][vc_row][vc_column width=&#8221;1\/6&#8243;][\/vc_column][vc_column width=&#8221;2\/3&#8243;][vc_column_text css=&#8221;&#8221;]<\/p>\n<h3 style=\"text-align: center;\">Az\u0259rbaycan z\u0259ngin tarixi, dinamik bug\u00fcn\u00fc v\u0259 m\u00f6hk\u0259m g\u0259l\u0259c\u0259yi, h\u0259m\u00e7inin d\u00fcnya miqyas\u0131nda m\u0259d\u0259niyy\u0259t v\u0259 idman \u0259n\u0259n\u0259l\u0259ri il\u0259 tan\u0131nan bir d\u00f6vl\u0259tdir.<\/h3>\n<h3 style=\"text-align: center;\">O, bir daha beyn\u0259lxalq idman ictimaiyy\u0259tini qonaqp\u0259rv\u0259r evind\u0259 qar\u015f\u0131layaraq, III MDB Oyunlar\u0131na ev sahibliyi etm\u0259y\u0259 haz\u0131rd\u0131r!<\/h3>\n<p>[\/vc_column_text][\/vc_column][vc_column width=&#8221;1\/6&#8243;][\/vc_column][\/vc_row][vc_row][vc_column][vc_single_image image=&#8221;2697&#8243; img_size=&#8221;full&#8221; alignment=&#8221;center&#8221; style=&#8221;vc_box_rounded&#8221; css=&#8221;&#8221;][\/vc_column][\/vc_row]<\/p>\n<\/div>","protected":false},"excerpt":{"rendered":"<p>[vc_row][vc_column][vc_column_text css=&#8221;&#8221;] AZ\u018fRBAYCANA [\/vc_column_text][vc_column_text css=&#8221;.vc_custom_1747145424258{margin-top: -30px !important;}&#8221;] xo\u015f g\u0259lmisiniz ! [\/vc_column_text][\/vc_column][\/vc_row][vc_row][vc_column][vc_single_image image=&#8221;2299&#8243; img_size=&#8221;full&#8221; alignment=&#8221;center&#8221; style=&#8221;vc_box_rounded&#8221; css=&#8221;&#8221;][\/vc_column][\/vc_row][vc_row][vc_column][vc_column_text css=&#8221;&#8221;] MULT\u0130KULTURAL\u0130ZM\u0130N D\u0130YARI [\/vc_column_text][vc_column_text [&hellip;]<\/p>\n","protected":false},"author":2,"featured_media":0,"parent":0,"menu_order":0,"comment_status":"closed","ping_status":"closed","template":"","meta":{"_acf_changed":false,"inline_featured_image":false,"footnotes":""},"class_list":["post-2234","page","type-page","status-publish","hentry"],"acf":[],"_links":{"self":[{"href":"https:\/\/azerbaijan2025.com\/az\/wp-json\/wp\/v2\/pages\/2234","targetHints":{"allow":["GET"]}}],"collection":[{"href":"https:\/\/azerbaijan2025.com\/az\/wp-json\/wp\/v2\/pages"}],"about":[{"href":"https:\/\/azerbaijan2025.com\/az\/wp-json\/wp\/v2\/types\/page"}],"author":[{"embeddable":true,"href":"https:\/\/azerbaijan2025.com\/az\/wp-json\/wp\/v2\/users\/2"}],"replies":[{"embeddable":true,"href":"https:\/\/azerbaijan2025.com\/az\/wp-json\/wp\/v2\/comments?post=2234"}],"version-history":[{"count":78,"href":"https:\/\/azerbaijan2025.com\/az\/wp-json\/wp\/v2\/pages\/2234\/revisions"}],"predecessor-version":[{"id":3327,"href":"https:\/\/azerbaijan2025.com\/az\/wp-json\/wp\/v2\/pages\/2234\/revisions\/3327"}],"wp:attachment":[{"href":"https:\/\/azerbaijan2025.com\/az\/wp-json\/wp\/v2\/media?parent=2234"}],"curies":[{"name":"wp","href":"https:\/\/api.w.org\/{rel}","templated":true}]}}