{"id":1486,"date":"2024-10-07T13:25:11","date_gmt":"2024-10-07T13:25:11","guid":{"rendered":"https:\/\/cisgames2025.com\/privacy-policy\/"},"modified":"2025-03-21T07:50:58","modified_gmt":"2025-03-21T07:50:58","slug":"privacy-policy","status":"publish","type":"page","link":"https:\/\/azerbaijan2025.com\/az\/privacy-policy\/","title":{"rendered":"M\u0259xfilik Siyas\u0259ti"},"content":{"rendered":"<div class=\"wpb-content-wrapper\"><p>[vc_row][vc_column width=&#8221;1\/12&#8243; offset=&#8221;vc_col-lg-2 vc_col-md-1 vc_hidden-sm&#8221;][\/vc_column][vc_column offset=&#8221;vc_col-lg-8 vc_col-md-10&#8243;][vc_column_text css=&#8221;&#8221;]<\/p>\n<p data-start=\"81\" data-end=\"94\"><strong data-start=\"81\" data-end=\"94\">Kimik biz<\/strong><\/p>\n<p data-start=\"96\" data-end=\"164\">Veb sayt\u0131m\u0131z\u0131n \u00fcnvan\u0131: <a href=\"https:\/\/azerbaijan2025.com\/az\/\" target=\"_new\" rel=\"noopener\" data-start=\"139\" data-end=\"163\">https:\/\/azerbaijan2025.com<\/a>.<\/p>\n<p data-start=\"166\" data-end=\"177\"><strong data-start=\"166\" data-end=\"177\">\u015e\u0259rhl\u0259r<\/strong><\/p>\n<p data-start=\"179\" data-end=\"407\">Ziyar\u0259t\u00e7il\u0259r sayt\u0131m\u0131za \u015f\u0259rh yazanda, \u015f\u0259rh formas\u0131nda g\u00f6st\u0259ril\u0259n m\u0259lumatlar\u0131 v\u0259 h\u0259m\u00e7inin ziyar\u0259t\u00e7inin IP \u00fcnvan\u0131n\u0131 v\u0259 brauzer istifad\u0259\u00e7i agenti m\u0259lumatlar\u0131n\u0131 toplay\u0131r\u0131q ki, bu da spam a\u015fkarlanmas\u0131na k\u00f6m\u0259k edir.<\/p>\n<p data-start=\"409\" data-end=\"803\">Sizin e-po\u00e7t \u00fcnvan\u0131n\u0131zdan yarad\u0131lm\u0131\u015f anoniml\u0259\u015fdirilmi\u015f bir s\u0259tir (h\u0259m\u00e7inin &#8220;hash&#8221; adlan\u0131r) Gravatar xidm\u0259tin\u0259 t\u0259qdim oluna bil\u0259r ki, bu da h\u0259min xidm\u0259ti istifad\u0259 edib-etm\u0259diyinizi yoxlama\u011fa imkan verir. Gravatar xidm\u0259tinin gizlilik siyas\u0259tini burada tapa bil\u0259rsiniz: <a href=\"https:\/\/automattic.com\/privacy\/\" target=\"_new\" rel=\"noopener\" data-start=\"676\" data-end=\"707\">https:\/\/automattic.com\/privacy\/<\/a>. \u015e\u0259rhiniz t\u0259sdiql\u0259ndikd\u0259n sonra, profil \u015f\u0259kiliniz \u015f\u0259rhinizin kontekstind\u0259 ictimaiyy\u0259t\u0259 g\u00f6r\u00fcn\u00fcr.<\/p>\n<p data-start=\"805\" data-end=\"814\"><strong data-start=\"805\" data-end=\"814\">Media<\/strong><\/p>\n<p data-start=\"816\" data-end=\"1018\">Sayta \u015f\u0259kil y\u00fckl\u0259dikd\u0259, yer m\u0259lumatlar\u0131 (EXIF GPS) olan \u015f\u0259kill\u0259ri y\u00fckl\u0259m\u0259m\u0259yiniz t\u00f6vsiy\u0259 olunur. Sayt ziyar\u0259t\u00e7il\u0259ri \u015f\u0259kill\u0259rd\u0259n h\u0259r hans\u0131 bir yer m\u0259lumat\u0131n\u0131 y\u00fckl\u0259yib \u00e7\u0131xara bil\u0259rl\u0259r.<\/p>\n<p data-start=\"1020\" data-end=\"1034\"><strong data-start=\"1020\" data-end=\"1034\">Cookie-l\u0259r<\/strong><\/p>\n<p data-start=\"1036\" data-end=\"1315\">Sayt\u0131m\u0131za \u015f\u0259rh yazd\u0131\u011f\u0131n\u0131z zaman, ad\u0131n\u0131z\u0131, e-po\u00e7t \u00fcnvan\u0131n\u0131z\u0131 v\u0259 vebsayt\u0131n\u0131z\u0131 cookie-l\u0259rd\u0259 saxlanmas\u0131 \u00fc\u00e7\u00fcn se\u00e7\u0259 bil\u0259rsiniz. Bu, n\u00f6vb\u0259ti d\u0259f\u0259 \u015f\u0259rh yazark\u0259n m\u0259lumatlar\u0131n\u0131z\u0131 yenid\u0259n doldurmama\u011f\u0131n\u0131z \u00fc\u00e7\u00fcn rahatl\u0131q yarad\u0131r. Bu cookie-l\u0259r bir il m\u00fcdd\u0259tind\u0259 saxlanacaq.<\/p>\n<p data-start=\"1317\" data-end=\"1553\">Sayt\u0131m\u0131za giri\u015f s\u0259hif\u0259sini ziyar\u0259t etdiyiniz zaman, brauzerinizin cookie-l\u0259ri q\u0259bul edib-etm\u0259diyini yoxlamaq \u00fc\u00e7\u00fcn m\u00fcv\u0259qq\u0259ti bir cookie t\u0259yin ed\u0259c\u0259yik. Bu cookie he\u00e7 bir \u015f\u0259xsi m\u0259lumat\u0131 ehtiva etmir v\u0259 brauzerinizi ba\u011flad\u0131\u011f\u0131n\u0131zda silinir.<\/p>\n<p data-start=\"1555\" data-end=\"1928\">Giri\u015f etdiyiniz zaman, login m\u0259lumatlar\u0131n\u0131z\u0131 v\u0259 ekran se\u00e7iml\u0259rinizi saxlamaq \u00fc\u00e7\u00fcn bir ne\u00e7\u0259 cookie t\u0259yin ed\u0259c\u0259yik. Giri\u015f cookie-l\u0259ri iki g\u00fcn m\u00fcdd\u0259tind\u0259 saxlanacaq, ekran se\u00e7iml\u0259ri il\u0259 ba\u011fl\u0131 cookie-l\u0259r is\u0259 bir il m\u00fcdd\u0259tin\u0259 saxlanacaq. \u00abM\u0259ni yad\u0131nda saxla\u00bb se\u00e7imini etdikd\u0259, giri\u015finiz iki h\u0259ft\u0259 m\u00fcdd\u0259tind\u0259 davam ed\u0259c\u0259k. Hesab\u0131n\u0131zdan \u00e7\u0131x\u0131\u015f etdikd\u0259, giri\u015f cookie-l\u0259ri silin\u0259c\u0259k.<\/p>\n<p data-start=\"1930\" data-end=\"2168\">\u018fg\u0259r bir m\u0259qal\u0259ni redakt\u0259 edir v\u0259 ya d\u0259rc edirsinizs\u0259, \u0259lav\u0259 bir cookie brauzerinizd\u0259 saxlanacaq. Bu cookie he\u00e7 bir \u015f\u0259xsi m\u0259lumat\u0131 ehtiva etmir, sad\u0259c\u0259 redakt\u0259 etdiyiniz m\u0259qal\u0259nin post ID-sini g\u00f6st\u0259rir. Bu cookie bir g\u00fcnd\u0259n sonra silinir.<\/p>\n<p data-start=\"2170\" data-end=\"2211\"><strong data-start=\"2170\" data-end=\"2211\">Ba\u015fqa saytlardan daxil edilmi\u015f m\u0259zmun<\/strong><\/p>\n<p data-start=\"2213\" data-end=\"2449\">Bu saytdak\u0131 m\u0259qal\u0259l\u0259r ba\u015fqa saytlardan daxil edilmi\u015f m\u0259zmunu (m\u0259s\u0259l\u0259n, videolar, \u015f\u0259kill\u0259r, m\u0259qal\u0259l\u0259r v\u0259 s.) ehtiva ed\u0259 bil\u0259r. Ba\u015fqa saytlardan daxil edilmi\u015f m\u0259zmun ziyar\u0259t\u00e7inin h\u0259min sayta daxil olmas\u0131 kimi davran\u0131r.<\/p>\n<p data-start=\"2451\" data-end=\"2711\">Bu saytlar sizin haqq\u0131n\u0131zda m\u0259lumat toplaya bil\u0259r, cookie-l\u0259rd\u0259n istifad\u0259 ed\u0259 bil\u0259r, \u0259lav\u0259 \u00fc\u00e7\u00fcnc\u00fc t\u0259r\u0259f izl\u0259yicil\u0259ri \u0259lav\u0259 ed\u0259 bil\u0259r v\u0259 daxil edilmi\u015f m\u0259zmunla olan qar\u015f\u0131l\u0131ql\u0131 \u0259laq\u0259nizi izl\u0259y\u0259 bil\u0259r, x\u00fcsus\u0259n d\u0259 h\u0259min saytda hesab\u0131n\u0131z varsa v\u0259 daxil olmusunuzsa.<\/p>\n<p data-start=\"2713\" data-end=\"2752\"><strong data-start=\"2713\" data-end=\"2752\">M\u0259lumatlar\u0131n\u0131z\u0131 kiml\u0259rl\u0259 payla\u015f\u0131r\u0131q<\/strong><\/p>\n<p data-start=\"2754\" data-end=\"2859\">\u018fg\u0259r \u015fifr\u0259 s\u0131f\u0131rlama t\u0259l\u0259bi ets\u0259niz, IP \u00fcnvan\u0131n\u0131z s\u0131f\u0131rlama e-po\u00e7tuna \u0259lav\u0259 edil\u0259c\u0259k.<\/p>\n<p data-start=\"2861\" data-end=\"2900\"><strong data-start=\"2861\" data-end=\"2900\">M\u0259lumatlar\u0131n\u0131z\u0131 n\u0259 q\u0259d\u0259r saxlay\u0131r\u0131q<\/strong><\/p>\n<p data-start=\"2902\" data-end=\"3139\">\u018fg\u0259r \u015f\u0259rh yazarsan\u0131z, \u015f\u0259rh v\u0259 onun meta m\u0259lumatlar\u0131 sonsuza q\u0259d\u0259r saxlan\u0131lacaq. Bu, h\u0259r hans\u0131 bir \u0259lav\u0259 \u015f\u0259rhinizi avtomatik olaraq tan\u0131y\u0131b t\u0259sdiql\u0259m\u0259y\u0259 imkan verir v\u0259 onlar\u0131 moderasiya s\u0131ras\u0131na qoyma\u011fa ehtiyac qalmaz.<\/p>\n<p data-start=\"3141\" data-end=\"3493\">Sayt\u0131m\u0131za qeydiyyatdan ke\u00e7mi\u015f istifad\u0259\u00e7il\u0259r (\u0259g\u0259r varsa), h\u0259m\u00e7inin \u00f6z istifad\u0259\u00e7i profill\u0259rind\u0259 verdikl\u0259ri \u015f\u0259xsi m\u0259lumatlar\u0131 saxlay\u0131r\u0131q. B\u00fct\u00fcn istifad\u0259\u00e7il\u0259r \u00f6z \u015f\u0259xsi m\u0259lumatlar\u0131n\u0131 ist\u0259dikl\u0259ri zaman g\u00f6r\u0259, redakt\u0259 ed\u0259 v\u0259 ya sil\u0259 bil\u0259rl\u0259r (yaln\u0131z istifad\u0259\u00e7i ad\u0131 d\u0259yi\u015fdiril\u0259 bilm\u0259z). Sayt administratorlar\u0131 da h\u0259min m\u0259lumatlar\u0131 g\u00f6r\u0259 v\u0259 redakt\u0259 ed\u0259 bil\u0259rl\u0259r.<\/p>\n<p data-start=\"3495\" data-end=\"3549\"><strong data-start=\"3495\" data-end=\"3549\">Veril\u0259n m\u0259lumatlar \u00fcz\u0259rind\u0259 hans\u0131 h\u00fcquqlar\u0131n\u0131z var<\/strong><\/p>\n<p data-start=\"3551\" data-end=\"3956\">\u018fg\u0259r bu saytda hesab\u0131n\u0131z varsa v\u0259 ya \u015f\u0259rh yazm\u0131\u015fs\u0131n\u0131zsa, bizim saxlad\u0131\u011f\u0131m\u0131z \u015f\u0259xsi m\u0259lumatlar\u0131, o c\u00fcml\u0259d\u0259n biz\u0259 verdiyiniz m\u0259lumatlar\u0131 ixrac edilmi\u015f fayl \u015f\u0259klind\u0259 almaq \u00fc\u00e7\u00fcn m\u00fcraci\u0259t ed\u0259 bil\u0259rsiniz. H\u0259m\u00e7inin saxlad\u0131\u011f\u0131m\u0131z \u015f\u0259xsi m\u0259lumatlar\u0131 silm\u0259yi t\u0259l\u0259b ed\u0259 bil\u0259rsiniz. Bu, biz\u0259 administrativ, h\u00fcquqi v\u0259 ya t\u0259hl\u00fck\u0259sizlik m\u0259qs\u0259dl\u0259ri il\u0259 saxlama\u011fa m\u0259cbur oldu\u011fumuz m\u0259lumatlar\u0131 daxil etmir.<\/p>\n<p data-start=\"3958\" data-end=\"3994\"><strong data-start=\"3958\" data-end=\"3994\">M\u0259lumatlar\u0131n\u0131z haraya g\u00f6nd\u0259rilir<\/strong><\/p>\n<p data-start=\"3996\" data-end=\"4100\" data-is-last-node=\"\" data-is-only-node=\"\">Ziyar\u0259t\u00e7il\u0259rin \u015f\u0259rhl\u0259ri avtomatik spam a\u015fkarlama xidm\u0259ti vasit\u0259sil\u0259 yoxlan\u0131la bil\u0259r.<\/p>\n<p>[\/vc_column_text]\r\n    <section class=\"mod-mect mod-spacer spacer bg-\">\r\n      <div class=\"spacer-4\"><\/div>\r\n    <\/section>\r\n    [\/vc_column][vc_column width=&#8221;1\/12&#8243; offset=&#8221;vc_col-lg-2 vc_col-md-1 vc_hidden-sm&#8221;][\/vc_column][\/vc_row]<\/p>\n<\/div>","protected":false},"excerpt":{"rendered":"<p>[vc_row][vc_column width=&#8221;1\/12&#8243; offset=&#8221;vc_col-lg-2 vc_col-md-1 vc_hidden-sm&#8221;][\/vc_column][vc_column offset=&#8221;vc_col-lg-8 vc_col-md-10&#8243;][vc_column_text css=&#8221;&#8221;] Kimik biz Veb sayt\u0131m\u0131z\u0131n \u00fcnvan\u0131: https:\/\/azerbaijan2025.com. \u015e\u0259rhl\u0259r Ziyar\u0259t\u00e7il\u0259r sayt\u0131m\u0131za \u015f\u0259rh yazanda, \u015f\u0259rh [&hellip;]<\/p>\n","protected":false},"author":1,"featured_media":1088,"parent":0,"menu_order":0,"comment_status":"closed","ping_status":"open","template":"","meta":{"_acf_changed":false,"inline_featured_image":false,"footnotes":""},"class_list":["post-1486","page","type-page","status-publish","has-post-thumbnail","hentry"],"acf":[],"_links":{"self":[{"href":"https:\/\/azerbaijan2025.com\/az\/wp-json\/wp\/v2\/pages\/1486","targetHints":{"allow":["GET"]}}],"collection":[{"href":"https:\/\/azerbaijan2025.com\/az\/wp-json\/wp\/v2\/pages"}],"about":[{"href":"https:\/\/azerbaijan2025.com\/az\/wp-json\/wp\/v2\/types\/page"}],"author":[{"embeddable":true,"href":"https:\/\/azerbaijan2025.com\/az\/wp-json\/wp\/v2\/users\/1"}],"replies":[{"embeddable":true,"href":"https:\/\/azerbaijan2025.com\/az\/wp-json\/wp\/v2\/comments?post=1486"}],"version-history":[{"count":3,"href":"https:\/\/azerbaijan2025.com\/az\/wp-json\/wp\/v2\/pages\/1486\/revisions"}],"predecessor-version":[{"id":1991,"href":"https:\/\/azerbaijan2025.com\/az\/wp-json\/wp\/v2\/pages\/1486\/revisions\/1991"}],"wp:featuredmedia":[{"embeddable":true,"href":"https:\/\/azerbaijan2025.com\/az\/wp-json\/wp\/v2\/media\/1088"}],"wp:attachment":[{"href":"https:\/\/azerbaijan2025.com\/az\/wp-json\/wp\/v2\/media?parent=1486"}],"curies":[{"name":"wp","href":"https:\/\/api.w.org\/{rel}","templated":true}]}}