{"id":1243,"date":"2024-11-26T11:45:37","date_gmt":"2024-11-26T11:45:37","guid":{"rendered":"https:\/\/cisgames2025.com\/mascots\/"},"modified":"2025-05-23T11:21:51","modified_gmt":"2025-05-23T11:21:51","slug":"mascots","status":"publish","type":"page","link":"https:\/\/azerbaijan2025.com\/az\/mascots\/","title":{"rendered":"MDB Oyunlar\u0131"},"content":{"rendered":"<div class=\"wpb-content-wrapper\"><p>[vc_row full_width=&#8221;stretch_row&#8221; css=&#8221;.vc_custom_1733824539741{background-image: url(https:\/\/azerbaijan2025.com\/wp-content\/uploads\/2024\/12\/fondo_mascota.jpg?id=677) !important;}&#8221; el_class=&#8221;background-top&#8221;][vc_column]\r\n    <section class=\"mod-mect mod-big-marquee\">\r\n      <div class=\"wrapper position-relative d-flex justify-content-center\">\r\n        <div class=\"text text1 size-220 font-primary uppercase position text-break weight-900 position-absolute index-1\">BABIRLEYLABABIRLEYLA<\/div>\r\n        <div class=\"text text2 size-220 font-primary uppercase position text-break weight-900 position-absolute index-1\">LEYLABABIRLEYLABABIR<\/div>\r\n        <img decoding=\"async\" class=\"image position-relative index-2\" src=\"https:\/\/azerbaijan2025.com\/wp-content\/uploads\/2024\/12\/mascotas_pag.png\" alt=\"\">\r\n      <\/div>\r\n      <div class=\"spacer-6\"><\/div>\r\n    <\/section>\r\n\r\n    [\/vc_column][\/vc_row][vc_row][vc_column]\r\n    <section class=\"mod-mect mod-spacer spacer bg-\">\r\n      <div class=\"spacer-8\"><\/div>\r\n    <\/section>\r\n    [vc_row_inner][vc_column_inner width=&#8221;1\/12&#8243; offset=&#8221;vc_col-lg-2 vc_col-md-1&#8243;][\/vc_column_inner][vc_column_inner offset=&#8221;vc_col-lg-8 vc_col-md-10 vc_col-xs-12&#8243;]\r\n  <div class=\"container\">\r\n    <section class=\"mod-mect mod-title position-relative index-1\">\r\n      <h2 class=\"mb-3 font-primary color-secondary title-1 text-center \">    B\u0259bir v\u0259 Leyla III MDB Oyunlar\u0131n\u0131n simvollar\u0131! \r\n      <\/h2><\/section> \r\n    <\/div>\r\n  \n            <section class=\"mod-mect mod-spacer spacer\">\n              <div class=\"spacer-2\"><\/div>\n            <\/section>\n            [vc_column_text css=&#8221;&#8221;]<\/p>\n<p style=\"text-align: center;\">Qar\u015f\u0131n\u0131zda sevimli maskotlar\u0131m\u0131z \u2013 B\u0259bir v\u0259 Leyla! Enerjili v\u0259 mehriban maskotlar B\u0259bir v\u0259 Leyla Qafqaz b\u0259birinin obraz\u0131nda yarad\u0131l\u0131b, onlar sad\u0259c\u0259 personajlar deyil, h\u0259m d\u0259 Az\u0259rbaycan\u0131n z\u0259ngin t\u0259bi\u0259tini, g\u00fcc\u00fcn\u00fc v\u0259 qonaqp\u0259rv\u0259rliyini parlaq \u015f\u0259kild\u0259 t\u0259c\u0259ss\u00fcm etdirirl\u0259r.<\/p>\n<p style=\"text-align: center;\">Qafqaz b\u0259birinin t\u0259bii s\u0259rv\u0259tl\u0259rl\u0259 z\u0259ngin Az\u0259rbaycan \u00fc\u00e7\u00fcn x\u00fcsusi \u0259h\u0259miyy\u0259ti var. Bu nadir heyvan d\u00fcnyan\u0131n \u0259n iri b\u0259bir n\u00f6vl\u0259rind\u0259n biridir v\u0259 \u00f6lk\u0259mizin f\u00fcsunkar gu\u015f\u0259l\u0259rind\u0259 q\u0259dim d\u00f6vrl\u0259rd\u0259n b\u0259ri m\u0259skunla\u015f\u0131b.<\/p>\n<p><img loading=\"lazy\" decoding=\"async\" class=\"alignnone size-full wp-image-2135\" src=\"https:\/\/azerbaijan2025.com\/wp-content\/uploads\/2025\/04\/leopard-gigapixel-standard-v2-2x-1.jpg\" alt=\"\" width=\"1586\" height=\"838\" srcset=\"https:\/\/azerbaijan2025.com\/wp-content\/uploads\/2025\/04\/leopard-gigapixel-standard-v2-2x-1.jpg 1586w, https:\/\/azerbaijan2025.com\/wp-content\/uploads\/2025\/04\/leopard-gigapixel-standard-v2-2x-1-300x159.jpg 300w, https:\/\/azerbaijan2025.com\/wp-content\/uploads\/2025\/04\/leopard-gigapixel-standard-v2-2x-1-1024x541.jpg 1024w, https:\/\/azerbaijan2025.com\/wp-content\/uploads\/2025\/04\/leopard-gigapixel-standard-v2-2x-1-768x406.jpg 768w, https:\/\/azerbaijan2025.com\/wp-content\/uploads\/2025\/04\/leopard-gigapixel-standard-v2-2x-1-1536x812.jpg 1536w, https:\/\/azerbaijan2025.com\/wp-content\/uploads\/2025\/04\/leopard-gigapixel-standard-v2-2x-1-50x26.jpg 50w\" sizes=\"auto, (max-width: 1586px) 100vw, 1586px\" \/><\/p>\n<p style=\"text-align: center;\">B\u0259bir\u00a0 sanki ki\u00e7ik bir Qafqaz burul\u011fan\u0131d\u0131r, g\u0259ncliyi, f\u0259all\u0131\u011f\u0131 v\u0259 t\u00fck\u0259nm\u0259z nikbinliyi simvoliz\u0259 edir. B\u0259birin oyunlara olan h\u0259v\u0259si onu h\u0259m u\u015faqlar\u0131n, h\u0259m d\u0259 b\u00f6y\u00fckl\u0259rin sevimlisin\u0259 \u00e7evirir. Mehriban v\u0259 \u00fcnsiyy\u0259tcil B\u0259bir m\u0259mnuniyy\u0259tl\u0259 MDB Oyunlar\u0131na ev sahibliyi ed\u0259n Az\u0259rbaycan \u015f\u0259h\u0259rl\u0259rini qonaqlara tan\u0131dacaq. Onun xo\u015f t\u0259b\u0259ss\u00fcm\u00fc v\u0259 pozitiv \u0259hval-ruhiyy\u0259si siz\u0259 sevinc v\u0259 \u0259yl\u0259nc\u0259 b\u0259x\u015f ed\u0259c\u0259k. Leyla \u2013 bu cazib\u0259dar g\u0259nc b\u0259bir g\u00f6z\u0259lliyi, z\u0259rifliyi v\u0259 m\u00fcdrikliyi t\u0259c\u0259ss\u00fcm etdirir. Leyla h\u0259r zaman idman\u00e7\u0131lar\u0131 d\u0259st\u0259kl\u0259m\u0259y\u0259 v\u0259 onlara ilham verm\u0259y\u0259 haz\u0131rd\u0131r. O xo\u015f s\u0259mimiyy\u0259ti v\u0259 qonaqp\u0259rv\u0259rliyi il\u0259 i\u015ftirak\u00e7\u0131lar\u0131n k\u00f6nl\u00fcn\u00fc ox\u015fayacaq.<\/p>\n<p>[\/vc_column_text][vc_column_text css=&#8221;&#8221;]<\/p>\n<p style=\"text-align: center;\">B\u0259bir v\u0259 Leyla il\u0259 yax\u0131ndan tan\u0131\u015f olun \u2013 onlar sevinci t\u0259c\u0259ss\u00fcm etdir\u0259n v\u0259 III MDB Oyunlar\u0131n\u0131n r\u0259mzin\u0259 \u00e7evrilmi\u015f parlaq q\u0259hr\u0259manlar\u0131m\u0131zd\u0131r!\u00a0 Onlar\u0131n mac\u0259ralar\u0131n\u0131 izl\u0259yib, bu bayram ab-havas\u0131na qo\u015fulun v\u0259 idman\u00e7\u0131lar\u0131m\u0131z\u0131 b\u00fct\u00fcn q\u0259lbinizl\u0259 d\u0259st\u0259kl\u0259yin!<\/p>\n<p>[\/vc_column_text][\/vc_column_inner][vc_column_inner width=&#8221;1\/12&#8243; offset=&#8221;vc_col-lg-2 vc_col-md-1&#8243;][\/vc_column_inner][\/vc_row_inner]\r\n    <section class=\"mod-mect mod-spacer spacer bg-\">\r\n      <div class=\"spacer-8\"><\/div>\r\n    <\/section>\r\n    [\/vc_column][\/vc_row][vc_row disable_element=&#8221;yes&#8221;][vc_column]\n            <section class=\"mod-mect mod-spacer spacer\">\n              <div class=\"spacer-8\"><\/div>\n            <\/section>\n             \r\n    <section class=\"mod-mect mod-quote quote-icon font-secondary\">\r\n      <div class=\"container size-45 color-primary text-center weight-600\">\r\n        <div class=\"row\">\r\n          <div class=\"col-lg-8 offset-lg-2\">\r\n            <div class=\"icon-big center fill-primary\">\r\n              <svg><use xlink:href=\"#quote\"><\/use><\/svg>\r\n            <\/div>\r\n            <p><p>Yadda Qalan Anlar!<\/p>\n<\/p><\/div>\r\n        <\/div>\r\n      <\/div>\r\n    <\/section>\r\n    [\/vc_column][\/vc_row][vc_row full_width=&#8221;stretch_row_content&#8221; disable_element=&#8221;yes&#8221;][vc_column]\n            <section class=\"mod-mect mod-spacer spacer\">\n              <div class=\"spacer-6\"><\/div>\n            <\/section>\n            \r\n    <section class=\"mod-mect mod-images-carousell\">\r\n      <div class=\"container-fluid \"> \r\n        <div class=\"row\">\r\n          <div class=\"col-lg-10 offset-lg-1 overflow-hidden\">\r\n       \r\n              <div class=\"images-carousel-wrapper\">\r\n                <div class=\"swiper-carousel-images\">\r\n                  <div class=\"swiper-wrapper\">\r\n                        <div class=\"swiper-slide\">\r\n                          <div class=\"cover-wrapper image aspect-10-6 radius-10\">\r\n                              <img decoding=\"async\" class=\"cover\" src=\"https:\/\/azerbaijan2025.com\/wp-content\/uploads\/2024\/11\/1723539813.66b6905ecde22_IMG-20240810-WA0013.jpg\" alt=\"1723539813.66b6905ecde22_IMG-20240810-WA0013\">\r\n                          <\/div>\r\n                        <\/div>\r\n                        <div class=\"swiper-slide\">\r\n                          <div class=\"cover-wrapper image aspect-10-6 radius-10\">\r\n                              <img decoding=\"async\" class=\"cover\" src=\"https:\/\/azerbaijan2025.com\/wp-content\/uploads\/2024\/11\/1722344567.1722275754IMG_3038.jpeg\" alt=\"1722344567.1722275754IMG_3038\">\r\n                          <\/div>\r\n                        <\/div>\r\n                        <div class=\"swiper-slide\">\r\n                          <div class=\"cover-wrapper image aspect-10-6 radius-10\">\r\n                              <img decoding=\"async\" class=\"cover\" src=\"https:\/\/azerbaijan2025.com\/wp-content\/uploads\/2024\/11\/1723539371.17231395821969520164_1200x630.jpeg\" alt=\"1723539371.17231395821969520164_1200x630\">\r\n                          <\/div>\r\n                        <\/div>\r\n                        <div class=\"swiper-slide\">\r\n                          <div class=\"cover-wrapper image aspect-10-6 radius-10\">\r\n                              <img decoding=\"async\" class=\"cover\" src=\"https:\/\/azerbaijan2025.com\/wp-content\/uploads\/2024\/11\/1691663366.109ef3a8-c913-4dd7-a870-4096f48c058b.jpeg\" alt=\"1691663366.109ef3a8-c913-4dd7-a870-4096f48c058b\">\r\n                          <\/div>\r\n                        <\/div>\r\n                        <div class=\"swiper-slide\">\r\n                          <div class=\"cover-wrapper image aspect-10-6 radius-10\">\r\n                              <img decoding=\"async\" class=\"cover\" src=\"https:\/\/azerbaijan2025.com\/wp-content\/uploads\/2024\/10\/1723381228.14b34e78-578e-4ae1-b9c3-0e1a22087cb4-scaled.jpeg\" alt=\"1723381228.14b34e78-578e-4ae1-b9c3-0e1a22087cb4\">\r\n                          <\/div>\r\n                        <\/div>\r\n                  <\/div>\r\n                    <div class=\"row\">\r\n                      <div class=\"col-lg-6 offset-lg-3\">\r\n                      <div class=\"navigation-wrapper\">\r\n                        <div class=\"navigation d-flex justify-content-between align-items-center\">\r\n                          <div class=\"images-carousell-pagination pagination-style size-43 color-secondary font-primary line-height-100\">\r\n                          <\/div>\r\n                          <span class=\"d-flex gap-2\">\r\n                               \n          <div class=\"icon-arrow color-complementary arrow-button-prev carousell-button-prev carousell\" alt=\"Right icon to navigate through news\"><svg class=\"initial\"><use xlink:href=\"#internal--arrow-single\"><\/use><\/svg>\n          <svg class=\"hover\"><use xlink:href=\"#internal--arrow-single\"><\/use><\/svg>\n          <\/div>\n            \r\n                               \n          <div class=\"icon-arrow color-complementary arrow-button-next carousell-button-next carousell\" alt=\"Right icon to navigate through news\"><svg class=\"initial\"><use xlink:href=\"#internal--arrow-single\"><\/use><\/svg>\n          <svg class=\"hover\"><use xlink:href=\"#internal--arrow-single\"><\/use><\/svg>\n          <\/div>\n            \r\n                          <\/span>\r\n                        <\/div>\r\n                      <\/div>\r\n                    <\/div>\r\n                <\/div>\r\n              <\/div>\r\n          \r\n          <\/div>\r\n        <\/div>\r\n      <\/div>        \r\n    <\/section>\r\n    [\/vc_column][\/vc_row]<\/p>\n<\/div>","protected":false},"excerpt":{"rendered":"<p>[vc_row full_width=&#8221;stretch_row&#8221; css=&#8221;.vc_custom_1733824539741{background-image: url(https:\/\/azerbaijan2025.com\/wp-content\/uploads\/2024\/12\/fondo_mascota.jpg?id=677) !important;}&#8221; el_class=&#8221;background-top&#8221;][vc_column][\/vc_column][\/vc_row][vc_row][vc_column][vc_row_inner][vc_column_inner width=&#8221;1\/12&#8243; offset=&#8221;vc_col-lg-2 vc_col-md-1&#8243;][\/vc_column_inner][vc_column_inner offset=&#8221;vc_col-lg-8 vc_col-md-10 vc_col-xs-12&#8243;][vc_column_text css=&#8221;&#8221;] Qar\u015f\u0131n\u0131zda sevimli maskotlar\u0131m\u0131z \u2013 B\u0259bir v\u0259 Leyla! [&hellip;]<\/p>\n","protected":false},"author":1,"featured_media":1731,"parent":0,"menu_order":0,"comment_status":"closed","ping_status":"closed","template":"","meta":{"_acf_changed":false,"inline_featured_image":false,"footnotes":""},"class_list":["post-1243","page","type-page","status-publish","has-post-thumbnail","hentry"],"acf":[],"_links":{"self":[{"href":"https:\/\/azerbaijan2025.com\/az\/wp-json\/wp\/v2\/pages\/1243","targetHints":{"allow":["GET"]}}],"collection":[{"href":"https:\/\/azerbaijan2025.com\/az\/wp-json\/wp\/v2\/pages"}],"about":[{"href":"https:\/\/azerbaijan2025.com\/az\/wp-json\/wp\/v2\/types\/page"}],"author":[{"embeddable":true,"href":"https:\/\/azerbaijan2025.com\/az\/wp-json\/wp\/v2\/users\/1"}],"replies":[{"embeddable":true,"href":"https:\/\/azerbaijan2025.com\/az\/wp-json\/wp\/v2\/comments?post=1243"}],"version-history":[{"count":22,"href":"https:\/\/azerbaijan2025.com\/az\/wp-json\/wp\/v2\/pages\/1243\/revisions"}],"predecessor-version":[{"id":3403,"href":"https:\/\/azerbaijan2025.com\/az\/wp-json\/wp\/v2\/pages\/1243\/revisions\/3403"}],"wp:featuredmedia":[{"embeddable":true,"href":"https:\/\/azerbaijan2025.com\/az\/wp-json\/wp\/v2\/media\/1731"}],"wp:attachment":[{"href":"https:\/\/azerbaijan2025.com\/az\/wp-json\/wp\/v2\/media?parent=1243"}],"curies":[{"name":"wp","href":"https:\/\/api.w.org\/{rel}","templated":true}]}}