{"id":1179,"date":"2024-12-10T11:14:00","date_gmt":"2024-12-10T11:14:00","guid":{"rendered":"https:\/\/cisgames2025.com\/cis-games\/"},"modified":"2025-06-12T16:43:15","modified_gmt":"2025-06-12T16:43:15","slug":"cis-games","status":"publish","type":"page","link":"https:\/\/azerbaijan2025.com\/az\/cis-games\/","title":{"rendered":"MDB Oyunlar\u0131"},"content":{"rendered":"<div class=\"wpb-content-wrapper\"><p>[vc_row][vc_column width=&#8221;1\/12&#8243; offset=&#8221;vc_col-lg-2 vc_col-md-2&#8243;][\/vc_column][vc_column width=&#8221;5\/6&#8243; offset=&#8221;vc_col-lg-8 vc_col-md-8&#8243;]\r\n    <section class=\"mod-mect mod-spacer spacer bg-\">\r\n      <div class=\"spacer-2\"><\/div>\r\n    <\/section>\r\n    [vc_column_text css=&#8221;&#8221; el_class=&#8221;font-secondary weight-300&#8243;]MDB Oyunlar\u0131n\u0131n ke\u00e7irilm\u0259si konsepsiyas\u0131 Rusiya Federasiyas\u0131 t\u0259r\u0259find\u0259n t\u0259klif edilib. 2018-ci il sentyabr\u0131n 28-d\u0259 D\u00fc\u015f\u0259nb\u0259d\u0259 MDB D\u00f6vl\u0259t R\u0259hb\u0259rl\u0259ri \u015euras\u0131n\u0131n iclas\u0131 ke\u00e7irilib v\u0259 plan t\u0259sdiq edilib.<\/p>\n<p>Oyunlar MDB-nin b\u0259d\u0259n t\u0259rbiy\u0259si v\u0259 idman sah\u0259sind\u0259 \u0259m\u0259kda\u015fl\u0131q sazi\u015finin q\u00fcvv\u0259y\u0259 minm\u0259si il\u0259 yana\u015f\u0131, xalqlar aras\u0131nda \u00e7oxillik dostluq m\u00fcnasib\u0259tl\u0259rinin m\u00f6hk\u0259ml\u0259ndirilm\u0259si m\u0259qs\u0259dil\u0259 t\u0259\u015fkil edilib.<\/p>\n<p>Oyunlar\u0131n m\u0259qs\u0259di MDB-nin milli idman n\u00f6vl\u0259rini tarixi miras kimi qorumaq, onlar\u0131n beyn\u0259lxalq s\u0259viyy\u0259d\u0259 t\u0259bli\u011fat\u0131 v\u0259 inki\u015faf\u0131, sa\u011flam h\u0259yat t\u0259rzinin t\u0259\u015fviqi, g\u0259ncl\u0259rd\u0259 m\u00fcsb\u0259t fiziki v\u0259 \u0259xlaqi keyfiyy\u0259tl\u0259rin formala\u015fd\u0131r\u0131lmas\u0131, v\u0259t\u0259np\u0259rv\u0259rlik, m\u0259qs\u0259dl\u0259r\u0259 \u00e7atmaq \u0259zmi, tarix\u0259 v\u0259 milli \u0259n\u0259n\u0259l\u0259rin\u0259 h\u00f6rm\u0259tin a\u015f\u0131lanmas\u0131, beyn\u0259lxalq yar\u0131\u015flarda \u00e7\u0131x\u0131\u015f ed\u0259n idman\u00e7\u0131lar\u0131n m\u0259har\u0259tinin v\u0259 t\u0259cr\u00fcb\u0259sinin t\u0259kmill\u0259\u015fdirilm\u0259sidir.[\/vc_column_text][\/vc_column][vc_column width=&#8221;1\/12&#8243; offset=&#8221;vc_col-lg-2 vc_col-md-2&#8243;][\/vc_column][\/vc_row][vc_row][vc_column] \r\n    <section class=\"mod-mect mod-quote quote-icon font-secondary\">\r\n      <div class=\"container size-45 color-primary text-center weight-600\">\r\n        <div class=\"row\">\r\n          <div class=\"col-lg-8 offset-lg-2\">\r\n            <div class=\"icon-big center fill-primary\">\r\n              <svg><use xlink:href=\"#quote\"><\/use><\/svg>\r\n            <\/div>\r\n            <p><p class=\"color-secondary\" style=\"font-size: 32px;\">23 v\u0259 daha a\u015fa\u011f\u0131 ya\u015fda olan idman\u00e7\u0131lar oyunlarda i\u015ftirak ed\u0259 bil\u0259rl\u0259r. Olimpiya v\u0259 d\u00fcnya \u00e7empionlar\u0131 ya\u015f t\u0259l\u0259bin\u0259 cavab verdiyi halda bu oyunlarda i\u015ftirak etm\u0259k h\u00fcququ qazan\u0131rlar.<\/p>\n<\/p><\/div>\r\n        <\/div>\r\n      <\/div>\r\n    <\/section>\r\n    \n            <section class=\"mod-mect mod-spacer spacer\">\n              <div class=\"spacer-10\"><\/div>\n            <\/section>\n            [\/vc_column][\/vc_row][vc_row full_width=&#8221;stretch_row_content_no_spaces&#8221;][vc_column]\r\n  <div class=\"container\">\r\n    <section class=\"mod-mect mod-title position-relative index-1\">\r\n      <h2 class=\"mb-3 font-primary color-primary title-2 text-center \"><span>TAR\u0130X V\u018f<\/span>    G\u018fL\u018fC\u018fK \r\n      <\/h2><\/section> \r\n    <\/div>\r\n  \r\n    <section class=\"mod-mect mod-spacer spacer bg-\">\r\n      <div class=\"spacer-5\"><\/div>\r\n    <\/section>\r\n    \r\n    <section class=\"mod-mect mod-text-image back-primary \">\r\n      <div class=\"container-fluid g-3 g-md-0 pb-3 pb-md-0\">\r\n        <div class=\"row g-0\">\r\n          <div class=\"col-md-6 order-0 order-md-1\">\r\n            <div class=\"col-lg-7 p-md-3 offset-lg-1\">\r\n              <div class=\"spacer-6\"><\/div>\r\n              <section class=\"mod-mect mod-title\"> <h2 class=\"mb-3 font-primary color-secondary size-45\">\r\n                    Az\u0259rbaycan 2025\r\n                  <\/h2><\/section>\r\n              <div class=\"spacer-2\"><\/div>\r\n              <div class=\"size-16 weight-300 color-white font-secondary\">\r\n                G\u0259nc\u0259 \u015f\u0259h\u0259ri III MDB Oyunlar\u0131n\u0131n \u201c\u0130dman Paytaxt\u0131\u201d se\u00e7ilib. Bu q\u0259rar MDB-y\u0259 \u00fczv d\u00f6vl\u0259tl\u0259rin B\u0259d\u0259n T\u0259rbiy\u0259si v\u0259 \u0130dman \u015euras\u0131n\u0131n Belarusun paytaxt\u0131 Minskd\u0259 ke\u00e7iril\u0259n iclas\u0131nda q\u0259bul edilib.<\/p>\n<p>Bel\u0259likl\u0259, Az\u0259rbaycan 2025-ci ild\u0259 III MDB Oyunlar\u0131na ev sahibliyi ed\u0259c\u0259k. Oyunlar Az\u0259rbaycan\u0131n 7 \u015f\u0259h\u0259rind\u0259 \u2013 G\u0259nc\u0259, G\u00f6yg\u00f6l, Ming\u0259\u00e7evir, Q\u0259b\u0259l\u0259, \u015e\u0259ki, Xank\u0259ndi v\u0259 Yevlaxda, 12 m\u0259kanda ke\u00e7iril\u0259c\u0259k v\u0259 idman\u00e7\u0131lar 23 idman n\u00f6v\u00fc \u00fczr\u0259 medallar u\u011frunda m\u00fcbariz\u0259 aparacaqlar. Bunlara avar\u00e7\u0259km\u0259, kanoe, s\u0259rb\u0259st g\u00fcl\u0259\u015f, qad\u0131n g\u00fcl\u0259\u015fi, Yunan-Roma g\u00fcl\u0259\u015fi, stol\u00fcst\u00fc tennis, g\u00fcll\u0259 at\u0131c\u0131l\u0131\u011f\u0131, \u00fczg\u00fc\u00e7\u00fcl\u00fck, basketbol 3\u00d73, karate, taekvondo, c\u00fcdo, sambo, badminton, batut gimnastikas\u0131, b\u0259dii gimnastika, \u00e7\u00f6vk\u0259n, stend at\u0131c\u0131l\u0131\u011f\u0131, futbol U-16, q\u0131l\u0131ncoynatma, kamandan oxatma, voleybol v\u0259 boks daxildir.<\/div>\r\n              <div class=\"spacer-6\"><\/div>\r\n            <\/div>\r\n          <\/div>\r\n          <div class=\"col-md-6 order-1 order-md-0\">\r\n            <div class=\"cover-wrapper aspect-md-10-4 back-primary\"> <img decoding=\"async\" class=\"cover\" src=\"https:\/\/azerbaijan2025.com\/wp-content\/uploads\/2025\/03\/lsAssxet-6.png\"><\/div>\r\n          <\/div>\r\n        <\/div>\r\n      <\/div>\r\n    <\/section>\r\n    \r\n    <section class=\"mod-mect mod-text-image back-primary \">\r\n      <div class=\"container-fluid g-3 g-md-0 pb-3 pb-md-0\">\r\n        <div class=\"row g-0\">\r\n          <div class=\"col-md-6 order-0 order-md-0\">\r\n            <div class=\"col-lg-7 p-md-3 offset-lg-4\">\r\n              <div class=\"spacer-6\"><\/div>\r\n              <section class=\"mod-mect mod-title\"> <h2 class=\"mb-3 font-primary color-secondary size-45\">\r\n                    Minsk 2023\r\n                  <\/h2><\/section>\r\n              <div class=\"spacer-2\"><\/div>\r\n              <div class=\"size-16 weight-300 color-white font-secondary\">\r\n                II MDB Oyunlar\u0131nda 20 idman n\u00f6v\u00fc \u00fczr\u0259 medallar u\u011frunda m\u00fcbariz\u0259 apar\u0131l\u0131b.<\/p>\n<p>Bunlara atletika, voleybol, m\u00fcasir pentatlon, at\u0131c\u0131l\u0131q, b\u0259dii gimnastika, \u00e7im\u0259rlik futbolu, 3\u00d73 basketbol, \u200b\u200bmini-futbol, \u200b\u200bg\u00fcl\u0259\u015f (Yunan-Roma, s\u0259rb\u0259st, qad\u0131nlar), \u00e7im\u0259rlik voleybolu, h\u0259ndbol, \u00fczg\u00fc\u00e7\u00fcl\u00fck, muay-tay, boks, c\u00fcdo, sambo, ot\u00fcst\u00fc xokkey, a\u011f\u0131r atletika, kamandan oxatma v\u0259 karate daxildir.<\/div>\r\n              <div class=\"spacer-6\"><\/div>\r\n            <\/div>\r\n          <\/div>\r\n          <div class=\"col-md-6 order-1 order-md-1\">\r\n            <div class=\"cover-wrapper aspect-md-10-4 back-primary\"> <img decoding=\"async\" class=\"cover\" src=\"https:\/\/azerbaijan2025.com\/wp-content\/uploads\/2025\/03\/lsteAsset-2.png\"><\/div>\r\n          <\/div>\r\n        <\/div>\r\n      <\/div>\r\n    <\/section>\r\n    \r\n    <section class=\"mod-mect mod-text-image back-primary \">\r\n      <div class=\"container-fluid g-3 g-md-0 pb-3 pb-md-0\">\r\n        <div class=\"row g-0\">\r\n          <div class=\"col-md-6 order-0 order-md-1\">\r\n            <div class=\"col-lg-7 p-md-3 offset-lg-1\">\r\n              <div class=\"spacer-6\"><\/div>\r\n              <section class=\"mod-mect mod-title\"> <h2 class=\"mb-3 font-primary color-secondary size-45\">\r\n                    Kazan 2021\r\n                  <\/h2><\/section>\r\n              <div class=\"spacer-2\"><\/div>\r\n              <div class=\"size-16 weight-300 color-white font-secondary\">\r\n                T\u0259dbird\u0259 16 idman n\u00f6v\u00fc \u00fczr\u0259 yar\u0131\u015flar ke\u00e7irilib. Muay-tay, futzal v\u0259 kura\u015f istisna olmaqla, g\u0259nc idman\u00e7\u0131lar \u0259ks\u0259r kateqoriyalarda yar\u0131\u015f\u0131blar.<\/p>\n<p>\u0130dman\u00e7\u0131lar badminton, 3&#215;3 basketbol, idman r\u0259qsl\u0259ri, futzal, b\u0259dii gimnastika, at\u0131c\u0131l\u0131q, stol\u00fcst\u00fc tennis, boks, k\u0259m\u0259r g\u00fcl\u0259\u015fi, c\u00fcdo, kura\u015f, karate, muay-tay, sambo v\u0259 g\u00fcl\u0259\u015f kimi m\u00fcxt\u0259lif idman n\u00f6vl\u0259ri \u00fczr\u0259 bacar\u0131qlar\u0131n\u0131 n\u00fcmayi\u015f etdiribl\u0259r.<\/div>\r\n              <div class=\"spacer-6\"><\/div>\r\n            <\/div>\r\n          <\/div>\r\n          <div class=\"col-md-6 order-1 order-md-0\">\r\n            <div class=\"cover-wrapper aspect-md-10-4 back-primary\"> <img decoding=\"async\" class=\"cover\" src=\"https:\/\/azerbaijan2025.com\/wp-content\/uploads\/2025\/03\/lsteAsset-3.png\"><\/div>\r\n          <\/div>\r\n        <\/div>\r\n      <\/div>\r\n    <\/section>\r\n    [\/vc_column][\/vc_row][vc_row full_width=&#8221;stretch_row_content&#8221; disable_element=&#8221;yes&#8221;][vc_column]\n            <section class=\"mod-mect mod-spacer spacer\">\n              <div class=\"spacer-6\"><\/div>\n            <\/section>\n            \r\n    <section class=\"mod-mect mod-images-carousell\">\r\n      <div class=\"container-fluid \"> \r\n        <div class=\"row\">\r\n          <div class=\"col-lg-10 offset-lg-1 overflow-hidden\">\r\n       \r\n              <div class=\"images-carousel-wrapper\">\r\n                <div class=\"swiper-carousel-images\">\r\n                  <div class=\"swiper-wrapper\">\r\n                        <div class=\"swiper-slide\">\r\n                          <div class=\"cover-wrapper image aspect-10-6 radius-10\">\r\n                              <img decoding=\"async\" class=\"cover\" src=\"https:\/\/azerbaijan2025.com\/wp-content\/uploads\/2024\/11\/1723539813.66b6905ecde22_IMG-20240810-WA0013.jpg\" alt=\"1723539813.66b6905ecde22_IMG-20240810-WA0013\">\r\n                          <\/div>\r\n                        <\/div>\r\n                        <div class=\"swiper-slide\">\r\n                          <div class=\"cover-wrapper image aspect-10-6 radius-10\">\r\n                              <img decoding=\"async\" class=\"cover\" src=\"https:\/\/azerbaijan2025.com\/wp-content\/uploads\/2024\/11\/1722344567.1722275754IMG_3038.jpeg\" alt=\"1722344567.1722275754IMG_3038\">\r\n                          <\/div>\r\n                        <\/div>\r\n                        <div class=\"swiper-slide\">\r\n                          <div class=\"cover-wrapper image aspect-10-6 radius-10\">\r\n                              <img decoding=\"async\" class=\"cover\" src=\"https:\/\/azerbaijan2025.com\/wp-content\/uploads\/2024\/11\/1723539371.17231395821969520164_1200x630.jpeg\" alt=\"1723539371.17231395821969520164_1200x630\">\r\n                          <\/div>\r\n                        <\/div>\r\n                        <div class=\"swiper-slide\">\r\n                          <div class=\"cover-wrapper image aspect-10-6 radius-10\">\r\n                              <img decoding=\"async\" class=\"cover\" src=\"https:\/\/azerbaijan2025.com\/wp-content\/uploads\/2024\/11\/1691663366.109ef3a8-c913-4dd7-a870-4096f48c058b.jpeg\" alt=\"1691663366.109ef3a8-c913-4dd7-a870-4096f48c058b\">\r\n                          <\/div>\r\n                        <\/div>\r\n                        <div class=\"swiper-slide\">\r\n                          <div class=\"cover-wrapper image aspect-10-6 radius-10\">\r\n                              <img decoding=\"async\" class=\"cover\" src=\"https:\/\/azerbaijan2025.com\/wp-content\/uploads\/2024\/10\/1723381228.14b34e78-578e-4ae1-b9c3-0e1a22087cb4-scaled.jpeg\" alt=\"1723381228.14b34e78-578e-4ae1-b9c3-0e1a22087cb4\">\r\n                          <\/div>\r\n                        <\/div>\r\n                  <\/div>\r\n                    <div class=\"row\">\r\n                      <div class=\"col-lg-6 offset-lg-3\">\r\n                      <div class=\"navigation-wrapper\">\r\n                        <div class=\"navigation d-flex justify-content-between align-items-center\">\r\n                          <div class=\"images-carousell-pagination pagination-style size-43 color-secondary font-primary line-height-100\">\r\n                          <\/div>\r\n                          <span class=\"d-flex gap-2\">\r\n                               \n          <div class=\"icon-arrow color-complementary arrow-button-prev carousell-button-prev carousell\" alt=\"Right icon to navigate through news\"><svg class=\"initial\"><use xlink:href=\"#internal--arrow-single\"><\/use><\/svg>\n          <svg class=\"hover\"><use xlink:href=\"#internal--arrow-single\"><\/use><\/svg>\n          <\/div>\n            \r\n                               \n          <div class=\"icon-arrow color-complementary arrow-button-next carousell-button-next carousell\" alt=\"Right icon to navigate through news\"><svg class=\"initial\"><use xlink:href=\"#internal--arrow-single\"><\/use><\/svg>\n          <svg class=\"hover\"><use xlink:href=\"#internal--arrow-single\"><\/use><\/svg>\n          <\/div>\n            \r\n                          <\/span>\r\n                        <\/div>\r\n                      <\/div>\r\n                    <\/div>\r\n                <\/div>\r\n              <\/div>\r\n          \r\n          <\/div>\r\n        <\/div>\r\n      <\/div>        \r\n    <\/section>\r\n    [\/vc_column][\/vc_row]<\/p>\n<\/div>","protected":false},"excerpt":{"rendered":"<p>[vc_row][vc_column width=&#8221;1\/12&#8243; offset=&#8221;vc_col-lg-2 vc_col-md-2&#8243;][\/vc_column][vc_column width=&#8221;5\/6&#8243; offset=&#8221;vc_col-lg-8 vc_col-md-8&#8243;][vc_column_text css=&#8221;&#8221; el_class=&#8221;font-secondary weight-300&#8243;]MDB Oyunlar\u0131n\u0131n ke\u00e7irilm\u0259si konsepsiyas\u0131 Rusiya Federasiyas\u0131 t\u0259r\u0259find\u0259n t\u0259klif edilib. 2018-ci il [&hellip;]<\/p>\n","protected":false},"author":1,"featured_media":1070,"parent":0,"menu_order":0,"comment_status":"closed","ping_status":"closed","template":"","meta":{"_acf_changed":false,"inline_featured_image":false,"footnotes":""},"class_list":["post-1179","page","type-page","status-publish","has-post-thumbnail","hentry"],"acf":[],"_links":{"self":[{"href":"https:\/\/azerbaijan2025.com\/az\/wp-json\/wp\/v2\/pages\/1179","targetHints":{"allow":["GET"]}}],"collection":[{"href":"https:\/\/azerbaijan2025.com\/az\/wp-json\/wp\/v2\/pages"}],"about":[{"href":"https:\/\/azerbaijan2025.com\/az\/wp-json\/wp\/v2\/types\/page"}],"author":[{"embeddable":true,"href":"https:\/\/azerbaijan2025.com\/az\/wp-json\/wp\/v2\/users\/1"}],"replies":[{"embeddable":true,"href":"https:\/\/azerbaijan2025.com\/az\/wp-json\/wp\/v2\/comments?post=1179"}],"version-history":[{"count":35,"href":"https:\/\/azerbaijan2025.com\/az\/wp-json\/wp\/v2\/pages\/1179\/revisions"}],"predecessor-version":[{"id":3572,"href":"https:\/\/azerbaijan2025.com\/az\/wp-json\/wp\/v2\/pages\/1179\/revisions\/3572"}],"wp:featuredmedia":[{"embeddable":true,"href":"https:\/\/azerbaijan2025.com\/az\/wp-json\/wp\/v2\/media\/1070"}],"wp:attachment":[{"href":"https:\/\/azerbaijan2025.com\/az\/wp-json\/wp\/v2\/media?parent=1179"}],"curies":[{"name":"wp","href":"https:\/\/api.w.org\/{rel}","templated":true}]}}